{"id":239,"date":"2023-08-28T06:29:16","date_gmt":"2023-08-28T06:29:16","guid":{"rendered":"https:\/\/comasmotor.com\/?page_id=239"},"modified":"2024-01-19T12:56:50","modified_gmt":"2024-01-19T12:56:50","slug":"blog","status":"publish","type":"page","link":"https:\/\/comasmotor.com\/ca\/blog\/","title":{"rendered":"Blog"},"content":{"rendered":"<div data-elementor-type=\"wp-page\" data-elementor-id=\"239\" class=\"elementor elementor-239\" data-elementor-post-type=\"page\">\n\t\t\t\t\t\t\t\t\t<section class=\"elementor-section elementor-top-section elementor-element elementor-element-6cb89578 elementor-section-height-min-height elementor-section-boxed elementor-section-height-default elementor-section-items-middle wpr-particle-no wpr-jarallax-no wpr-parallax-no wpr-sticky-section-no\" data-id=\"6cb89578\" data-element_type=\"section\" data-settings=\"{&quot;background_background&quot;:&quot;classic&quot;}\" data-e-bg-lazyload=\"\">\n\t\t\t\t\t\t\t<div class=\"elementor-background-overlay\"><\/div>\n\t\t\t\t\t\t\t<div class=\"elementor-container elementor-column-gap-default\">\n\t\t\t\t\t<div class=\"elementor-column elementor-col-100 elementor-top-column elementor-element elementor-element-37890318\" data-id=\"37890318\" data-element_type=\"column\">\n\t\t\t<div class=\"elementor-widget-wrap elementor-element-populated\">\n\t\t\t\t\t\t\t\t<div class=\"elementor-element elementor-element-48a9dfb8 elementor-widget-divider--view-line elementor-widget elementor-widget-divider\" data-id=\"48a9dfb8\" data-element_type=\"widget\" data-widget_type=\"divider.default\">\n\t\t\t\t<div class=\"elementor-widget-container\">\n\t\t\t<style>\/*! elementor - v3.18.0 - 20-12-2023 *\/\n.elementor-widget-divider{--divider-border-style:none;--divider-border-width:1px;--divider-color:#0c0d0e;--divider-icon-size:20px;--divider-element-spacing:10px;--divider-pattern-height:24px;--divider-pattern-size:20px;--divider-pattern-url:none;--divider-pattern-repeat:repeat-x}.elementor-widget-divider .elementor-divider{display:flex}.elementor-widget-divider .elementor-divider__text{font-size:15px;line-height:1;max-width:95%}.elementor-widget-divider .elementor-divider__element{margin:0 var(--divider-element-spacing);flex-shrink:0}.elementor-widget-divider .elementor-icon{font-size:var(--divider-icon-size)}.elementor-widget-divider .elementor-divider-separator{display:flex;margin:0;direction:ltr}.elementor-widget-divider--view-line_icon .elementor-divider-separator,.elementor-widget-divider--view-line_text .elementor-divider-separator{align-items:center}.elementor-widget-divider--view-line_icon .elementor-divider-separator:after,.elementor-widget-divider--view-line_icon .elementor-divider-separator:before,.elementor-widget-divider--view-line_text .elementor-divider-separator:after,.elementor-widget-divider--view-line_text .elementor-divider-separator:before{display:block;content:\"\";border-bottom:0;flex-grow:1;border-top:var(--divider-border-width) var(--divider-border-style) var(--divider-color)}.elementor-widget-divider--element-align-left .elementor-divider .elementor-divider-separator>.elementor-divider__svg:first-of-type{flex-grow:0;flex-shrink:100}.elementor-widget-divider--element-align-left .elementor-divider-separator:before{content:none}.elementor-widget-divider--element-align-left .elementor-divider__element{margin-left:0}.elementor-widget-divider--element-align-right .elementor-divider .elementor-divider-separator>.elementor-divider__svg:last-of-type{flex-grow:0;flex-shrink:100}.elementor-widget-divider--element-align-right .elementor-divider-separator:after{content:none}.elementor-widget-divider--element-align-right .elementor-divider__element{margin-right:0}.elementor-widget-divider:not(.elementor-widget-divider--view-line_text):not(.elementor-widget-divider--view-line_icon) .elementor-divider-separator{border-top:var(--divider-border-width) var(--divider-border-style) var(--divider-color)}.elementor-widget-divider--separator-type-pattern{--divider-border-style:none}.elementor-widget-divider--separator-type-pattern.elementor-widget-divider--view-line .elementor-divider-separator,.elementor-widget-divider--separator-type-pattern:not(.elementor-widget-divider--view-line) .elementor-divider-separator:after,.elementor-widget-divider--separator-type-pattern:not(.elementor-widget-divider--view-line) .elementor-divider-separator:before,.elementor-widget-divider--separator-type-pattern:not([class*=elementor-widget-divider--view]) .elementor-divider-separator{width:100%;min-height:var(--divider-pattern-height);-webkit-mask-size:var(--divider-pattern-size) 100%;mask-size:var(--divider-pattern-size) 100%;-webkit-mask-repeat:var(--divider-pattern-repeat);mask-repeat:var(--divider-pattern-repeat);background-color:var(--divider-color);-webkit-mask-image:var(--divider-pattern-url);mask-image:var(--divider-pattern-url)}.elementor-widget-divider--no-spacing{--divider-pattern-size:auto}.elementor-widget-divider--bg-round{--divider-pattern-repeat:round}.rtl .elementor-widget-divider .elementor-divider__text{direction:rtl}.e-con-inner>.elementor-widget-divider,.e-con>.elementor-widget-divider{width:var(--container-widget-width,100%);--flex-grow:var(--container-widget-flex-grow)}<\/style>\t\t<div class=\"elementor-divider\">\n\t\t\t<span class=\"elementor-divider-separator\">\n\t\t\t\t\t\t<\/span>\n\t\t<\/div>\n\t\t\t\t<\/div>\n\t\t\t\t<\/div>\n\t\t\t\t<div class=\"elementor-element elementor-element-68671022 elementor-widget elementor-widget-heading\" data-id=\"68671022\" data-element_type=\"widget\" data-widget_type=\"heading.default\">\n\t\t\t\t<div class=\"elementor-widget-container\">\n\t\t\t<style>\/*! elementor - v3.18.0 - 20-12-2023 *\/\n.elementor-heading-title{padding:0;margin:0;line-height:1}.elementor-widget-heading .elementor-heading-title[class*=elementor-size-]>a{color:inherit;font-size:inherit;line-height:inherit}.elementor-widget-heading .elementor-heading-title.elementor-size-small{font-size:15px}.elementor-widget-heading .elementor-heading-title.elementor-size-medium{font-size:19px}.elementor-widget-heading .elementor-heading-title.elementor-size-large{font-size:29px}.elementor-widget-heading .elementor-heading-title.elementor-size-xl{font-size:39px}.elementor-widget-heading .elementor-heading-title.elementor-size-xxl{font-size:59px}<\/style><h2 class=\"elementor-heading-title elementor-size-default\">BLOG<\/h2>\t\t<\/div>\n\t\t\t\t<\/div>\n\t\t\t\t\t<\/div>\n\t\t<\/div>\n\t\t\t\t\t\t\t<\/div>\n\t\t<\/section>\n\t\t\t\t<section class=\"elementor-section elementor-top-section elementor-element elementor-element-331b5644 elementor-section-full_width elementor-section-height-default elementor-section-height-default wpr-particle-no wpr-jarallax-no wpr-parallax-no wpr-sticky-section-no\" data-id=\"331b5644\" data-element_type=\"section\" data-settings=\"{&quot;background_background&quot;:&quot;classic&quot;}\">\n\t\t\t\t\t\t<div class=\"elementor-container elementor-column-gap-default\">\n\t\t\t\t\t<div class=\"elementor-column elementor-col-100 elementor-top-column elementor-element elementor-element-c50789d\" data-id=\"c50789d\" data-element_type=\"column\">\n\t\t\t<div class=\"elementor-widget-wrap elementor-element-populated\">\n\t\t\t\t\t\t\t\t<div class=\"elementor-element elementor-element-6da6917b elementor-widget elementor-widget-image\" data-id=\"6da6917b\" data-element_type=\"widget\" data-widget_type=\"image.default\">\n\t\t\t\t<div class=\"elementor-widget-container\">\n\t\t\t<style>\/*! elementor - v3.18.0 - 20-12-2023 *\/\n.elementor-widget-image{text-align:center}.elementor-widget-image a{display:inline-block}.elementor-widget-image a img[src$=\".svg\"]{width:48px}.elementor-widget-image img{vertical-align:middle;display:inline-block}<\/style>\t\t\t\t\t\t\t\t\t\t\t\t<img fetchpriority=\"high\" decoding=\"async\" width=\"1512\" height=\"103\" src=\"https:\/\/comasmotor.com\/wp-content\/uploads\/2023\/10\/header-2.png\" class=\"attachment-full size-full wp-image-456\" alt=\"\" srcset=\"https:\/\/comasmotor.com\/wp-content\/uploads\/2023\/10\/header-2.png 1512w, https:\/\/comasmotor.com\/wp-content\/uploads\/2023\/10\/header-2-300x20.png 300w, https:\/\/comasmotor.com\/wp-content\/uploads\/2023\/10\/header-2-1024x70.png 1024w, https:\/\/comasmotor.com\/wp-content\/uploads\/2023\/10\/header-2-768x52.png 768w\" sizes=\"(max-width: 1512px) 100vw, 1512px\" \/>\t\t\t\t\t\t\t\t\t\t\t\t\t\t\t<\/div>\n\t\t\t\t<\/div>\n\t\t\t\t\t<\/div>\n\t\t<\/div>\n\t\t\t\t\t\t\t<\/div>\n\t\t<\/section>\n\t\t<div class=\"elementor-element elementor-element-2613c94 e-flex e-con-boxed wpr-particle-no wpr-jarallax-no wpr-parallax-no wpr-sticky-section-no e-con e-parent\" data-id=\"2613c94\" data-element_type=\"container\" data-settings=\"{&quot;background_background&quot;:&quot;classic&quot;,&quot;container_type&quot;:&quot;flex&quot;,&quot;content_width&quot;:&quot;boxed&quot;}\" data-e-bg-lazyload=\"\" data-core-v316-plus=\"true\">\n\t\t\t\t\t<div class=\"e-con-inner\">\n\t\t\t\t<div class=\"elementor-element elementor-element-e494242 elementor-grid-2 elementor-posts--align-left elementor-grid-tablet-2 elementor-grid-mobile-1 elementor-posts--thumbnail-top elementor-card-shadow-yes elementor-posts__hover-gradient elementor-widget elementor-widget-posts\" data-id=\"e494242\" data-element_type=\"widget\" data-settings=\"{&quot;cards_columns&quot;:&quot;2&quot;,&quot;pagination_type&quot;:&quot;numbers&quot;,&quot;cards_columns_tablet&quot;:&quot;2&quot;,&quot;cards_columns_mobile&quot;:&quot;1&quot;,&quot;cards_row_gap&quot;:{&quot;unit&quot;:&quot;px&quot;,&quot;size&quot;:35,&quot;sizes&quot;:[]},&quot;cards_row_gap_widescreen&quot;:{&quot;unit&quot;:&quot;px&quot;,&quot;size&quot;:&quot;&quot;,&quot;sizes&quot;:[]},&quot;cards_row_gap_tablet&quot;:{&quot;unit&quot;:&quot;px&quot;,&quot;size&quot;:&quot;&quot;,&quot;sizes&quot;:[]},&quot;cards_row_gap_mobile&quot;:{&quot;unit&quot;:&quot;px&quot;,&quot;size&quot;:&quot;&quot;,&quot;sizes&quot;:[]}}\" data-widget_type=\"posts.cards\">\n\t\t\t\t<div class=\"elementor-widget-container\">\n\t\t\t<link rel=\"stylesheet\" href=\"https:\/\/comasmotor.com\/wp-content\/plugins\/elementor-pro\/assets\/css\/widget-posts.min.css\">\t\t<div class=\"elementor-posts-container elementor-posts elementor-posts--skin-cards elementor-grid\">\n\t\t\t\t<article class=\"elementor-post elementor-grid-item post-3213 post type-post status-publish format-standard has-post-thumbnail hentry category-uncategorized\">\n\t\t\t<div class=\"elementor-post__card\">\n\t\t\t\t<a class=\"elementor-post__thumbnail__link\" href=\"https:\/\/comasmotor.com\/ca\/beneficios-mantenimiento-preventivo\/\" tabindex=\"-1\" target=\"_blank\"><div class=\"elementor-post__thumbnail\"><img decoding=\"async\" width=\"1280\" height=\"853\" src=\"https:\/\/comasmotor.com\/wp-content\/uploads\/2023\/12\/oil-3964367_1280.jpg\" class=\"attachment-full size-full wp-image-3214\" alt=\"\" srcset=\"https:\/\/comasmotor.com\/wp-content\/uploads\/2023\/12\/oil-3964367_1280.jpg 1280w, https:\/\/comasmotor.com\/wp-content\/uploads\/2023\/12\/oil-3964367_1280-300x200.jpg 300w, https:\/\/comasmotor.com\/wp-content\/uploads\/2023\/12\/oil-3964367_1280-1024x682.jpg 1024w, https:\/\/comasmotor.com\/wp-content\/uploads\/2023\/12\/oil-3964367_1280-768x512.jpg 768w\" sizes=\"(max-width: 1280px) 100vw, 1280px\" \/><\/div><\/a>\n\t\t\t\t<div class=\"elementor-post__badge\">Uncategorized<\/div>\n\t\t\t\t<div class=\"elementor-post__text\">\n\t\t\t\t<h3 class=\"elementor-post__title\">\n\t\t\t<a href=\"https:\/\/comasmotor.com\/ca\/beneficios-mantenimiento-preventivo\/\" target=\"&quot;_blank&quot;\">\n\t\t\t\tEls avantatges d&#039;un manteniment preventiu\t\t\t<\/a>\n\t\t<\/h3>\n\t\t\t\t<div class=\"elementor-post__excerpt\">\n\t\t\t<p>Los beneficios de un mantenimiento preventivo Mantener nuestro autom\u00f3vil en buen estado es esencial para garantizar su funcionamiento \u00f3ptimo y prolongar su vida \u00fatil. Sin embargo, muchas veces pasamos por<\/p>\n\t\t<\/div>\n\t\t\t\t\t<div class=\"elementor-post__read-more-wrapper\">\n\t\t\n\t\t<a class=\"elementor-post__read-more\" href=\"https:\/\/comasmotor.com\/ca\/beneficios-mantenimiento-preventivo\/\" aria-label=\"Read more about Los beneficios de un mantenimiento preventivo\" tabindex=\"-1\" target=\"_blank\">\n\t\t\tLlegir m\u00e9s\t\t<\/a>\n\n\t\t\t\t\t<\/div>\n\t\t\t\t<\/div>\n\t\t\t\t<div class=\"elementor-post__meta-data\">\n\t\t\t\t\t<span class=\"elementor-post-date\">\n\t\t\t20 de desembre de 2023\t\t<\/span>\n\t\t\t\t<\/div>\n\t\t\t\t\t<\/div>\n\t\t<\/article>\n\t\t\t\t<article class=\"elementor-post elementor-grid-item post-3206 post type-post status-publish format-standard has-post-thumbnail hentry category-uncategorized\">\n\t\t\t<div class=\"elementor-post__card\">\n\t\t\t\t<a class=\"elementor-post__thumbnail__link\" href=\"https:\/\/comasmotor.com\/ca\/tecnologia-automoviles-modernos\/\" tabindex=\"-1\" target=\"_blank\"><div class=\"elementor-post__thumbnail\"><img decoding=\"async\" width=\"1280\" height=\"640\" src=\"https:\/\/comasmotor.com\/wp-content\/uploads\/2023\/12\/car-6943451_1280.jpg\" class=\"attachment-full size-full wp-image-3207\" alt=\"\" srcset=\"https:\/\/comasmotor.com\/wp-content\/uploads\/2023\/12\/car-6943451_1280.jpg 1280w, https:\/\/comasmotor.com\/wp-content\/uploads\/2023\/12\/car-6943451_1280-300x150.jpg 300w, https:\/\/comasmotor.com\/wp-content\/uploads\/2023\/12\/car-6943451_1280-1024x512.jpg 1024w, https:\/\/comasmotor.com\/wp-content\/uploads\/2023\/12\/car-6943451_1280-768x384.jpg 768w\" sizes=\"(max-width: 1280px) 100vw, 1280px\" \/><\/div><\/a>\n\t\t\t\t<div class=\"elementor-post__badge\">Uncategorized<\/div>\n\t\t\t\t<div class=\"elementor-post__text\">\n\t\t\t\t<h3 class=\"elementor-post__title\">\n\t\t\t<a href=\"https:\/\/comasmotor.com\/ca\/tecnologia-automoviles-modernos\/\" target=\"&quot;_blank&quot;\">\n\t\t\t\tLa tecnologia moderna cotxes\t\t\t<\/a>\n\t\t<\/h3>\n\t\t\t\t<div class=\"elementor-post__excerpt\">\n\t\t\t<p>La tecnolog\u00eda en los autom\u00f3viles modernos En los \u00faltimos a\u00f1os, los veh\u00edculos modernos han incorporado una serie de tecnolog\u00edas dise\u00f1adas para ayudar al conductor y mejorar la seguridad en la<\/p>\n\t\t<\/div>\n\t\t\t\t\t<div class=\"elementor-post__read-more-wrapper\">\n\t\t\n\t\t<a class=\"elementor-post__read-more\" href=\"https:\/\/comasmotor.com\/ca\/tecnologia-automoviles-modernos\/\" aria-label=\"Read more about La tecnolog\u00eda en los autom\u00f3viles modernos\" tabindex=\"-1\" target=\"_blank\">\n\t\t\tLlegir m\u00e9s\t\t<\/a>\n\n\t\t\t\t\t<\/div>\n\t\t\t\t<\/div>\n\t\t\t\t<div class=\"elementor-post__meta-data\">\n\t\t\t\t\t<span class=\"elementor-post-date\">\n\t\t\t20 de desembre de 2023\t\t<\/span>\n\t\t\t\t<\/div>\n\t\t\t\t\t<\/div>\n\t\t<\/article>\n\t\t\t\t<article class=\"elementor-post elementor-grid-item post-2477 post type-post status-publish format-standard has-post-thumbnail hentry category-uncategorized\">\n\t\t\t<div class=\"elementor-post__card\">\n\t\t\t\t<a class=\"elementor-post__thumbnail__link\" href=\"https:\/\/comasmotor.com\/ca\/mitos-verdades-reparacion-vehiculos\/\" tabindex=\"-1\" target=\"_blank\"><div class=\"elementor-post__thumbnail\"><img loading=\"lazy\" decoding=\"async\" width=\"2560\" height=\"1709\" src=\"https:\/\/comasmotor.com\/wp-content\/uploads\/2023\/11\/post-2-scaled.jpg\" class=\"attachment-full size-full wp-image-3200\" alt=\"\" srcset=\"https:\/\/comasmotor.com\/wp-content\/uploads\/2023\/11\/post-2-scaled.jpg 2560w, https:\/\/comasmotor.com\/wp-content\/uploads\/2023\/11\/post-2-300x200.jpg 300w, https:\/\/comasmotor.com\/wp-content\/uploads\/2023\/11\/post-2-1024x684.jpg 1024w, https:\/\/comasmotor.com\/wp-content\/uploads\/2023\/11\/post-2-768x513.jpg 768w, https:\/\/comasmotor.com\/wp-content\/uploads\/2023\/11\/post-2-1536x1026.jpg 1536w, https:\/\/comasmotor.com\/wp-content\/uploads\/2023\/11\/post-2-2048x1367.jpg 2048w\" sizes=\"(max-width: 2560px) 100vw, 2560px\" \/><\/div><\/a>\n\t\t\t\t<div class=\"elementor-post__badge\">Uncategorized<\/div>\n\t\t\t\t<div class=\"elementor-post__text\">\n\t\t\t\t<h3 class=\"elementor-post__title\">\n\t\t\t<a href=\"https:\/\/comasmotor.com\/ca\/mitos-verdades-reparacion-vehiculos\/\" target=\"&quot;_blank&quot;\">\n\t\t\t\tMites i veritats sobre la reparaci\u00f3 de vehicles de motor\t\t\t<\/a>\n\t\t<\/h3>\n\t\t\t\t<div class=\"elementor-post__excerpt\">\n\t\t\t<p>Mantenimiento b\u00e1sico del coche \u00bfQu\u00e9 hay de cierto en los mitos sobre la reparaci\u00f3n de autom\u00f3viles? En este art\u00edculo, desmontamos las creencias populares y revelamos la verdad. Descubre por qu\u00e9<\/p>\n\t\t<\/div>\n\t\t\t\t\t<div class=\"elementor-post__read-more-wrapper\">\n\t\t\n\t\t<a class=\"elementor-post__read-more\" href=\"https:\/\/comasmotor.com\/ca\/mitos-verdades-reparacion-vehiculos\/\" aria-label=\"Read more about Mitos y verdades sobre la reparaci\u00f3n de veh\u00edculos\" tabindex=\"-1\" target=\"_blank\">\n\t\t\tLlegir m\u00e9s\t\t<\/a>\n\n\t\t\t\t\t<\/div>\n\t\t\t\t<\/div>\n\t\t\t\t<div class=\"elementor-post__meta-data\">\n\t\t\t\t\t<span class=\"elementor-post-date\">\n\t\t\tEl 14 de novembre, 2023\t\t<\/span>\n\t\t\t\t<\/div>\n\t\t\t\t\t<\/div>\n\t\t<\/article>\n\t\t\t\t<article class=\"elementor-post elementor-grid-item post-2430 post type-post status-publish format-standard has-post-thumbnail hentry category-uncategorized\">\n\t\t\t<div class=\"elementor-post__card\">\n\t\t\t\t<a class=\"elementor-post__thumbnail__link\" href=\"https:\/\/comasmotor.com\/ca\/mantenimiento-basico-coche\/\" tabindex=\"-1\" target=\"_blank\"><div class=\"elementor-post__thumbnail\"><img loading=\"lazy\" decoding=\"async\" width=\"2560\" height=\"1707\" src=\"https:\/\/comasmotor.com\/wp-content\/uploads\/2023\/11\/post-1-scaled.jpg\" class=\"attachment-full size-full wp-image-3183\" alt=\"\" srcset=\"https:\/\/comasmotor.com\/wp-content\/uploads\/2023\/11\/post-1-scaled.jpg 2560w, https:\/\/comasmotor.com\/wp-content\/uploads\/2023\/11\/post-1-300x200.jpg 300w, https:\/\/comasmotor.com\/wp-content\/uploads\/2023\/11\/post-1-1024x683.jpg 1024w, https:\/\/comasmotor.com\/wp-content\/uploads\/2023\/11\/post-1-768x512.jpg 768w, https:\/\/comasmotor.com\/wp-content\/uploads\/2023\/11\/post-1-1536x1024.jpg 1536w, https:\/\/comasmotor.com\/wp-content\/uploads\/2023\/11\/post-1-2048x1365.jpg 2048w\" sizes=\"(max-width: 2560px) 100vw, 2560px\" \/><\/div><\/a>\n\t\t\t\t<div class=\"elementor-post__badge\">Uncategorized<\/div>\n\t\t\t\t<div class=\"elementor-post__text\">\n\t\t\t\t<h3 class=\"elementor-post__title\">\n\t\t\t<a href=\"https:\/\/comasmotor.com\/ca\/mantenimiento-basico-coche\/\" target=\"&quot;_blank&quot;\">\n\t\t\t\tB\u00e0siques de manteniment de l&#039;autom\u00f2bil\t\t\t<\/a>\n\t\t<\/h3>\n\t\t\t\t<div class=\"elementor-post__excerpt\">\n\t\t\t<p>Mantenimiento b\u00e1sico del coche El mantenimiento adecuado de tu autom\u00f3vil es esencial para garantizar su buen funcionamiento, prolongar su vida \u00fatil y mantener tu seguridad en la carretera. Afortunadamente, no<\/p>\n\t\t<\/div>\n\t\t\t\t\t<div class=\"elementor-post__read-more-wrapper\">\n\t\t\n\t\t<a class=\"elementor-post__read-more\" href=\"https:\/\/comasmotor.com\/ca\/mantenimiento-basico-coche\/\" aria-label=\"Read more about Mantenimiento b\u00e1sico del coche\" tabindex=\"-1\" target=\"_blank\">\n\t\t\tLlegir m\u00e9s\t\t<\/a>\n\n\t\t\t\t\t<\/div>\n\t\t\t\t<\/div>\n\t\t\t\t<div class=\"elementor-post__meta-data\">\n\t\t\t\t\t<span class=\"elementor-post-date\">\n\t\t\tEl 14 de novembre, 2023\t\t<\/span>\n\t\t\t\t<\/div>\n\t\t\t\t\t<\/div>\n\t\t<\/article>\n\t\t\t\t<\/div>\n\t\t\n\t\t\t\t<\/div>\n\t\t\t\t<\/div>\n\t\t\t\t\t<\/div>\n\t\t\t\t<\/div>\n\t\t\t\t\t\t\t<\/div>","protected":false},"excerpt":{"rendered":"<p>BLOG<\/p>","protected":false},"author":1,"featured_media":0,"parent":0,"menu_order":0,"comment_status":"closed","ping_status":"closed","template":"elementor_header_footer","meta":{"footnotes":""},"class_list":["post-239","page","type-page","status-publish","hentry"],"yoast_head":"<!-- This site is optimized with the Yoast SEO plugin v21.8 - https:\/\/yoast.com\/wordpress\/plugins\/seo\/ -->\n<title>Blog - Comas Motor<\/title>\n<meta name=\"robots\" content=\"index, follow, max-snippet:-1, max-image-preview:large, max-video-preview:-1\" \/>\n<link rel=\"canonical\" href=\"https:\/\/comasmotor.com\/ca\/blog\/\" \/>\n<meta property=\"og:locale\" content=\"ca_ES\" \/>\n<meta property=\"og:type\" content=\"article\" \/>\n<meta property=\"og:title\" content=\"Blog - Comas Motor\" \/>\n<meta property=\"og:description\" content=\"BLOG\" \/>\n<meta property=\"og:url\" content=\"https:\/\/comasmotor.com\/ca\/blog\/\" \/>\n<meta property=\"og:site_name\" content=\"Comas Motor\" \/>\n<meta property=\"article:modified_time\" content=\"2024-01-19T12:56:50+00:00\" \/>\n<meta property=\"og:image\" content=\"https:\/\/comasmotor.com\/wp-content\/uploads\/2023\/10\/header-2.png\" \/>\n<meta name=\"twitter:card\" content=\"summary_large_image\" \/>\n<meta name=\"twitter:label1\" content=\"Temps estimat de lectura\" \/>\n\t<meta name=\"twitter:data1\" content=\"4 minuts\" \/>\n<script type=\"application\/ld+json\" class=\"yoast-schema-graph\">{\"@context\":\"https:\/\/schema.org\",\"@graph\":[{\"@type\":\"WebPage\",\"@id\":\"https:\/\/comasmotor.com\/es\/blog\/\",\"url\":\"https:\/\/comasmotor.com\/es\/blog\/\",\"name\":\"Blog - Comas Motor\",\"isPartOf\":{\"@id\":\"https:\/\/comasmotor.com\/es\/#website\"},\"datePublished\":\"2023-08-28T06:29:16+00:00\",\"dateModified\":\"2024-01-19T12:56:50+00:00\",\"breadcrumb\":{\"@id\":\"https:\/\/comasmotor.com\/es\/blog\/#breadcrumb\"},\"inLanguage\":\"ca\",\"potentialAction\":[{\"@type\":\"ReadAction\",\"target\":[\"https:\/\/comasmotor.com\/es\/blog\/\"]}]},{\"@type\":\"BreadcrumbList\",\"@id\":\"https:\/\/comasmotor.com\/es\/blog\/#breadcrumb\",\"itemListElement\":[{\"@type\":\"ListItem\",\"position\":1,\"name\":\"Portada\",\"item\":\"https:\/\/comasmotor.com\/ca\/\"},{\"@type\":\"ListItem\",\"position\":2,\"name\":\"Blog\"}]},{\"@type\":\"WebSite\",\"@id\":\"https:\/\/comasmotor.com\/es\/#website\",\"url\":\"https:\/\/comasmotor.com\/es\/\",\"name\":\"Comas Motor\",\"description\":\"\",\"potentialAction\":[{\"@type\":\"SearchAction\",\"target\":{\"@type\":\"EntryPoint\",\"urlTemplate\":\"https:\/\/comasmotor.com\/es\/?s={search_term_string}\"},\"query-input\":\"required name=search_term_string\"}],\"inLanguage\":\"ca\"}]}<\/script>\n<!-- \/ Yoast SEO plugin. -->","yoast_head_json":{"title":"Blog - Comas Motor","robots":{"index":"index","follow":"follow","max-snippet":"max-snippet:-1","max-image-preview":"max-image-preview:large","max-video-preview":"max-video-preview:-1"},"canonical":"https:\/\/comasmotor.com\/ca\/blog\/","og_locale":"ca_ES","og_type":"article","og_title":"Blog - Comas Motor","og_description":"BLOG","og_url":"https:\/\/comasmotor.com\/ca\/blog\/","og_site_name":"Comas Motor","article_modified_time":"2024-01-19T12:56:50+00:00","og_image":[{"url":"https:\/\/comasmotor.com\/wp-content\/uploads\/2023\/10\/header-2.png"}],"twitter_card":"summary_large_image","twitter_misc":{"Temps estimat de lectura":"4 minuts"},"schema":{"@context":"https:\/\/schema.org","@graph":[{"@type":"WebPage","@id":"https:\/\/comasmotor.com\/es\/blog\/","url":"https:\/\/comasmotor.com\/es\/blog\/","name":"Blog - Comas Motor","isPartOf":{"@id":"https:\/\/comasmotor.com\/es\/#website"},"datePublished":"2023-08-28T06:29:16+00:00","dateModified":"2024-01-19T12:56:50+00:00","breadcrumb":{"@id":"https:\/\/comasmotor.com\/es\/blog\/#breadcrumb"},"inLanguage":"ca","potentialAction":[{"@type":"ReadAction","target":["https:\/\/comasmotor.com\/es\/blog\/"]}]},{"@type":"BreadcrumbList","@id":"https:\/\/comasmotor.com\/es\/blog\/#breadcrumb","itemListElement":[{"@type":"ListItem","position":1,"name":"Portada","item":"https:\/\/comasmotor.com\/ca\/"},{"@type":"ListItem","position":2,"name":"Blog"}]},{"@type":"WebSite","@id":"https:\/\/comasmotor.com\/es\/#website","url":"https:\/\/comasmotor.com\/es\/","name":"Comas Motor","description":"","potentialAction":[{"@type":"SearchAction","target":{"@type":"EntryPoint","urlTemplate":"https:\/\/comasmotor.com\/es\/?s={search_term_string}"},"query-input":"required name=search_term_string"}],"inLanguage":"ca"}]}},"_links":{"self":[{"href":"https:\/\/comasmotor.com\/ca\/wp-json\/wp\/v2\/pages\/239","targetHints":{"allow":["GET"]}}],"collection":[{"href":"https:\/\/comasmotor.com\/ca\/wp-json\/wp\/v2\/pages"}],"about":[{"href":"https:\/\/comasmotor.com\/ca\/wp-json\/wp\/v2\/types\/page"}],"author":[{"embeddable":true,"href":"https:\/\/comasmotor.com\/ca\/wp-json\/wp\/v2\/users\/1"}],"replies":[{"embeddable":true,"href":"https:\/\/comasmotor.com\/ca\/wp-json\/wp\/v2\/comments?post=239"}],"version-history":[{"count":79,"href":"https:\/\/comasmotor.com\/ca\/wp-json\/wp\/v2\/pages\/239\/revisions"}],"predecessor-version":[{"id":3317,"href":"https:\/\/comasmotor.com\/ca\/wp-json\/wp\/v2\/pages\/239\/revisions\/3317"}],"wp:attachment":[{"href":"https:\/\/comasmotor.com\/ca\/wp-json\/wp\/v2\/media?parent=239"}],"curies":[{"name":"wp","href":"https:\/\/api.w.org\/{rel}","templated":true}]}}